{"id":371,"date":"2013-01-07T10:04:46","date_gmt":"2013-01-07T08:04:46","guid":{"rendered":"http:\/\/bussijaam.ee\/?page_id=371"},"modified":"2026-03-02T10:50:06","modified_gmt":"2026-03-02T08:50:06","slug":"transport","status":"publish","type":"page","link":"https:\/\/www.bussijaam.ee\/en\/transport\/","title":{"rendered":"Tallinn Bus Station"},"content":{"rendered":"<p><a href=\"http:\/\/bussijaam.ee\/static\/2022\/01\/Tallinn-Bus-Station-location-plan-2022.jpg\" target=\"_blank\" rel=\"noopener\"><img loading=\"lazy\" decoding=\"async\" class=\"alignnone wp-image-3216 size-full\" src=\"http:\/\/bussijaam.ee\/static\/2022\/01\/Tallinn-Bus-Station-location-plan-2022.jpg\" alt=\"Tallinn Bus Station location plan 2022\" width=\"674\" height=\"403\" \/><\/a><\/p>\n<ul class=\"accordion\"><li><div class=\"title\"><h3>BUS<\/h3><\/div><div class=\"content\">\n<p><span style=\"color: #ff5000;\"><strong>STOP ON JUHKENTALI STREET<\/strong><\/span><\/p>\n<ul>\n<li><span style=\"color: #f05615;\"><strong>23<\/strong><\/span> Kadaka &lt;&lt;&gt;&gt; Bussijaam<\/li>\n<li><span style=\"color: #f05615;\"><strong>54<\/strong><\/span> Estonia &lt;&lt;&gt;&gt; Priisle<\/li>\n<\/ul>\n<p><span style=\"color: #ff5000;\"><strong><br \/>\nSTOP ON ODRA STREET<\/strong><\/span><\/p>\n<ul>\n<li><span style=\"color: #f05615;\"><strong>67<\/strong><\/span> V\u00e4ike-\u00d5ism\u00e4e &lt;&lt;&gt;&gt; Seli<\/li>\n<\/ul>\n<p><span style=\"color: #ff5000;\"><strong><br \/>\nSTOP ON TARTU MAANTEE<\/strong><\/span><\/p>\n<ul>\n<li><strong><span style=\"color: #f05615;\">2<\/span><\/strong> Balti jaam &lt;&lt;&gt;&gt; M\u00f5igu<\/li>\n<li><span style=\"color: #f05615;\"><strong>15<\/strong><\/span> Estonia &lt;&lt;&gt;&gt; S\u00f5jam\u00e4e<\/li>\n<li><strong style=\"font-size: revert; color: initial;\"><span style=\"color: #f05615;\">39<\/span><\/strong><span style=\"font-size: revert; color: initial;\"> Vana-L\u00f5una &lt;&lt;&gt;&gt; Liikuri<\/span><\/li>\n<\/ul>\n<p>See more timetables, routes and stop locations <a style=\"font-size: revert;\" title=\"transport.tallinn.ee\" href=\"https:\/\/transport.tallinn.ee\/#\/en\" target=\"_blank\" rel=\"noopener\"><strong>HERE<\/strong><\/a><span style=\"font-size: revert; color: initial;\">!<\/span><\/p>\n<\/div><\/li><li><div class=\"title\"><h3>TRAM<\/h3><\/div><div class=\"content\">\n<p><span style=\"color: #ff5000;\"><strong>STOP ON TARTU MAANTEE<\/strong><\/span><\/p>\n<ul>\n<li><span style=\"color: #f05615;\"><strong>2<\/strong><\/span> Kopli &lt;&lt;&gt;&gt; Suur-Paala<\/li>\n<li><span style=\"color: #f05615;\"><strong>4<\/strong><\/span> Tondi &lt;&lt;&gt;&gt; Suur-Paala<\/li>\n<\/ul>\n<\/div><\/li><li><div class=\"title\"><h3>TAXI<\/h3><\/div><div class=\"content\">\n<p><span style=\"color: #ff5000;\"><strong>TAXI STANDS<\/strong><\/span><\/p>\n<ul>\n<li><a title=\"Tallink Takso\" href=\"https:\/\/www.tallinktakso.ee\/en\/front-page\" target=\"_blank\" rel=\"noopener\"><b>Tallink Takso<\/b><\/a><span style=\"color: #f05615;\"><span style=\"color: #000000;\"> stand is located next to the arrival platform.<\/span><\/span><\/li>\n<li><a title=\"Takso24\" href=\"https:\/\/www.tallinktakso.ee\/en\/takso24\" target=\"_blank\" rel=\"noopener\"><strong>Takso24<\/strong><\/a><span style=\"color: #f05615;\"><span style=\"color: #000000;\"> stand is located next to the arrival platform.<\/span><\/span><\/li>\n<li><a title=\"Forus Takso\" href=\"https:\/\/tulika.ee\/en\/\" target=\"_blank\" rel=\"noopener\"><b>Forus Takso<\/b><\/a><span style=\"color: #f05615;\"><span style=\"color: #000000;\"> stand is located next to the arrival platform.<\/span><\/span><\/li>\n<li><a title=\"Bolt\" href=\"https:\/\/bolt.eu\/en\/\" target=\"_blank\" rel=\"noopener\"><strong>Bolt<\/strong><\/a><span style=\"color: #ff6600;\"><span style=\"color: #f05615;\"><span style=\"color: #000000;\"> first official stop in Estonia is in front of the main door in the marked area.<\/span><\/span><\/span><\/li>\n<\/ul>\n<\/div><\/li><li><div class=\"title\"><h3>CAR PARKING<\/h3><\/div><div class=\"content\">\n<p><span style=\"color: #ff5000;\"><strong>FREE EXPRESS PARKING<\/strong><\/span><\/p>\n<p>Free express parking is located opposite the main entrance of the bus station, on the corner of Odra and Lastekodu streets. <strong>Parking is allowed with a parking meter for up to 30 minutes<\/strong>. We recommend using this car park to bring or pick up the passenger(s).<\/p>\n<p><span style=\"color: #ff5000;\"><strong>LASTEKODU 48 PARKING<\/strong><\/span><\/p>\n<p>Paid parking is available beside the arrival platform and taxi stand. In the P41 zone, the cost is \u20ac2 for 1 hour and \u20ac4 for 24 hours. See prices and payment options in more detail <a title=\"Lastekodu 48 parking\" href=\"https:\/\/www.parkimine.ee\/en\/#lastekodu-48-tsoon-p41=2174\" target=\"_blank\" rel=\"noopener\"><strong>HERE<\/strong><\/a>!<\/p>\n<p><span style=\"color: #ff5000;\"><strong>JUHKENTALI 48 PARKING<\/strong><\/span><\/p>\n<p>An extensive paid car park is located across the road from the exits of the arrival and departure platforms. In the EP292 zone, the cost is \u20ac2 for 1 hour and \u20ac5 for 24 hours. See prices and payment options in more detail <a title=\"Juhkentali 48 parking\" href=\"https:\/\/www.parkimine.ee\/en\/#juhkentali-48-tsoon-p35=2162\" target=\"_blank\" rel=\"noopener\"><strong>HERE<\/strong><\/a>!<\/p>\n<\/div><\/li><li><div class=\"title\"><h3>BICYCLE PARKING<\/h3><\/div><div class=\"content\">\n<p><span style=\"color: #ff5000;\"><strong>BIKEEP PARKING<\/strong><\/span><\/p>\n<p><a title=\"Bikeep\" href=\"https:\/\/bikeep.com\/\" target=\"_blank\" rel=\"noopener\"><strong>Bikeep<\/strong><\/a> bicycle rack is located at the main door. See the user manual <strong><a title=\"Bikeep user manual\" href=\"https:\/\/bikeep.com\/smart-commercial-bike-rack\/\" target=\"_blank\" rel=\"noopener\">HERE<\/a><\/strong>!<\/p>\n<p><span style=\"color: #ff5000;\"><strong>FREE PARKING<\/strong><\/span><\/p>\n<p>A standard bike rack is located in the courtyard next to the waiting platforms.<\/p>\n<\/div><\/li><\/ul>\n<h1>Tartu Bus Station<\/h1>\n<ul class=\"accordion\"><li><div class=\"title\"><h3>BUS<\/h3><\/div><div class=\"content\">\n<p><span style=\"color: #ff5000;\"><strong>STOP ON TURU STREET<\/strong><\/span><\/p>\n<ul>\n<li><span style=\"color: #f05615;\"><strong>5<\/strong><\/span> Ihaste &lt;&lt;&gt;&gt; Turu<\/li>\n<li><span style=\"color: #f05615;\"><strong>9<\/strong><\/span> Ringliin<\/li>\n<li><span style=\"color: #f05615;\"><strong>13<\/strong><\/span> Kasteheina &lt;&lt;&gt;&gt; Puidu<\/li>\n<li><strong><span style=\"color: #f05615;\">25<\/span><\/strong> Raudteejaam &lt;&lt;&gt;&gt; ERM<\/li>\n<li><strong><span style=\"color: #f05615;\">69<\/span><\/strong> Kesklinn I &lt;&lt;&gt;&gt; Turu<\/li>\n<\/ul>\n<p><span style=\"color: #ff5000;\"><strong><br \/>\nSTOP ON SOOLA STREET<\/strong><\/span><\/p>\n<ul>\n<li><span style=\"color: #f05615;\"><strong>6<\/strong><\/span> L\u00f5unakeskus &lt;&lt;&gt;&gt; Roheline park<\/li>\n<li><span style=\"color: #f05615;\"><strong>7<\/strong><\/span> Ringtee &lt;&lt;&gt;&gt; P\u00e4rna<\/li>\n<li><span style=\"color: #f05615;\"><strong>13<\/strong><\/span> Kasteheina&lt;&lt;&gt;&gt; Puidu<\/li>\n<li><strong><span style=\"color: #f05615;\">25<\/span><\/strong> Raudteejaam &lt;&lt;&gt;&gt; ERM<\/li>\n<\/ul>\n<p>See more timetables, routes and stop locations <a title=\"peatus.ee\" href=\"https:\/\/web.peatus.ee\/\" target=\"_blank\" rel=\"noopener\"><strong>HERE<\/strong><\/a>!<\/p>\n<\/div><\/li><li><div class=\"title\"><h3>TAXI<\/h3><\/div><div class=\"content\">\n<p><span style=\"color: #ff5000;\"><strong>TAXI STAND<\/strong><\/span><\/p>\n<p>The taxi stand is located in the car park, across the road from Tartu Bus Station on Soola 3a street.<\/p>\n<\/div><\/li><li><div class=\"title\"><h3>CAR PARKING<\/h3><\/div><div class=\"content\">\n<p><span style=\"color: #ff5000;\"><strong>TASKU CENTER PARKING<\/strong><\/span><\/p>\n<p><a style=\"font-family: -apple-system, BlinkMacSystemFont, 'Segoe UI', Roboto, Oxygen-Sans, Ubuntu, Cantarell, 'Helvetica Neue', sans-serif;\" href=\"https:\/\/europark.ee\/\" target=\"_blank\" rel=\"noopener\"><strong>EuroPark<\/strong><\/a><span style=\"color: initial; font-family: -apple-system, BlinkMacSystemFont, 'Segoe UI', Roboto, Oxygen-Sans, Ubuntu, Cantarell, 'Helvetica Neue', sans-serif;\"> car park is located in front of Tasku Centre, and a 4-storey parking house is located on the side of the centre.<\/span> Parking can be paid with a parking meter, cash, a bank card or mobile payment. See prices and payment options in more detail <a title=\"EuroPark payment options\" href=\"https:\/\/europark.ee\/\" target=\"_blank\" rel=\"noopener\"><strong>HERE<\/strong><\/a>!<\/p>\n<p><span style=\"color: #ff5000;\"><strong>SOOLA 1B PARKING<\/strong><\/span><\/p>\n<p>A free car park is located across the road from Tartu Bus Station.<\/p>\n<\/div><\/li><li><div class=\"title\"><h3>BICYCLE PARKING<\/h3><\/div><div class=\"content\">\n<p><span style=\"color: #ff5000;\"><strong>BICYCLE PARKING<\/strong><\/span><\/p>\n<p>The standard bike racks are located around the Tasku Centre.<\/p>\n<p><span style=\"color: #ff5000;\"><strong>SMART BIKE PARKING<\/strong><\/span><\/p>\n<p><a title=\"Smart Bike\" href=\"https:\/\/ratas.tartu.ee\/\" target=\"_blank\" rel=\"noopener\"><strong>Smart Bike<\/strong><\/a> racks are located in front of the Tasku Centre on Turu Street.<\/p>\n<\/div><\/li><\/ul>\n<h1>Narva Fama Bus Station<\/h1>\n<ul class=\"accordion\"><li><div class=\"title\"><h3>BUS<\/h3><\/div><div class=\"content\">\n<p><span style=\"color: #ff5000;\"><strong>STOP ON NARVA MANTEE<\/strong><\/span><\/p>\n<ul>\n<li><span style=\"color: #f05615;\"><strong>1<\/strong><\/span> Paemurru &lt;&lt;&gt;&gt; Kangelaste<\/li>\n<li><span style=\"color: #f05615;\"><strong>3<\/strong><\/span> Paemurru &lt;&lt;&gt;&gt; Tempo<\/li>\n<li><span style=\"color: #f05615;\"><strong>5<\/strong><\/span> Kutse\u00f5ppekeskus &lt;&lt;&gt;&gt; P\u00f5hja<\/li>\n<\/ul>\n<p>See more timetables, routes and stop locations <a title=\"peatus.ee\" href=\"https:\/\/web.peatus.ee\/\" target=\"_blank\" rel=\"noopener\"><strong>HERE<\/strong><\/a>!<\/p>\n<\/div><\/li><li><div class=\"title\"><h3>TAXI<\/h3><\/div><div class=\"content\">\n<p><span style=\"color: #ff5000;\"><strong>TAXI STAND<\/strong><\/span><\/p>\n<p>The taxi stand is located between the two entrances in front of the Fama Centre.<\/p>\n<p>Order a taxi by calling\u00a0<strong>+372 504 4444.<\/strong><\/p>\n<\/div><\/li><li><div class=\"title\"><h3>CAR PARKING<\/h3><\/div><div class=\"content\">\n<p><span style=\"color: #ff5000;\"><strong>FAMA CENTER PARKING<\/strong><\/span><\/p>\n<p>A free car park is located in front of the Fama Centre, and an underground car park is on the side of the centre.<\/p>\n<\/div><\/li><li><div class=\"title\"><h3>BICYCLE PARKING<\/h3><\/div><div class=\"content\">\n<p><span style=\"color: #ff5000;\"><strong>BICYCLE PARKING<\/strong><\/span><\/p>\n<p>A standard bike rack is located in front of the main door of Fama Centre.<\/p>\n<\/div><\/li><\/ul>\n<h1>Rakvere Bus Station<\/h1>\n<ul class=\"accordion\"><li><div class=\"title\"><h3>BUS<\/h3><\/div><div class=\"content\">\n<p><span style=\"color: #ff5000;\"><strong>STOP ON LAADA STREET<\/strong><\/span><\/p>\n<ul>\n<li><span style=\"color: #f05615;\"><strong>2<\/strong><\/span> Piira &lt;&lt;&gt;&gt; N\u00e4pi<\/li>\n<li><span style=\"color: #f05615;\"><strong>4<\/strong><\/span> Raudteejaam &lt;&lt;&gt;&gt; Bussijaam<\/li>\n<\/ul>\n<p>See more timetables, routes and stop locations <a title=\"peatus.ee\" href=\"https:\/\/web.peatus.ee\/\" target=\"_blank\" rel=\"noopener\"><strong>HERE<\/strong><\/a>!<\/p>\n<\/div><\/li><li><div class=\"title\"><h3>CAR PARKING<\/h3><\/div><div class=\"content\">\n<p><span style=\"color: #ff5000;\"><strong>LAADA STREET PARKING<\/strong><\/span><\/p>\n<p>A free car park is located behind the Rakvere Bus Station.<\/p>\n<\/div><\/li><\/ul>\n<h1>J\u00f5hvi Bus Station<\/h1>\n<ul class=\"accordion\"><li><div class=\"title\"><h3>BUS<\/h3><\/div><div class=\"content\">\n<p><span style=\"color: #ff5000;\"><strong>STOP ON NARVA MAANTEE\u00a0<\/strong><\/span><\/p>\n<ul>\n<li><span style=\"color: #f05615;\"><strong>43<\/strong><\/span> J\u00f5hvi &lt;&lt;&gt;&gt; Kohtla-N\u00f5mme<\/li>\n<li><span style=\"color: #f05615;\"><strong>46<\/strong><\/span> J\u00f5hvi&lt;&lt;&gt;&gt; Toila<\/li>\n<li><strong><span style=\"color: #f05615;\">50<\/span><\/strong> J\u00f5hvi &lt;&lt;&gt;&gt; Sillam\u00e4e<\/li>\n<li><strong><span style=\"color: #f05615;\">60<\/span><\/strong> J\u00f5hvi &lt;&lt;&gt;&gt; Kurem\u00e4e<\/li>\n<li><strong><span style=\"color: #f05615;\">69<\/span><\/strong> J\u00f5hvi &lt;&lt;&gt;&gt; Iisaku<\/li>\n<li><strong><span style=\"color: #f05615;\">90G<\/span><\/strong> J\u00f5hvi &lt;&lt;&gt;&gt; Kivi\u00f5li<\/li>\n<\/ul>\n<p>See more timetables, routes and stop locations <a title=\"peatus.ee\" href=\"https:\/\/web.peatus.ee\/\" target=\"_blank\" rel=\"noopener\"><strong>HERE<\/strong><\/a>!<\/p>\n<\/div><\/li><li><div class=\"title\"><h3>TAXI<\/h3><\/div><div class=\"content\">\n<p><span style=\"color: #ff5000;\"><strong>TAXI STAND<\/strong><\/span><\/p>\n<p>The taxi stand is located in the car park of Jewe Centre next to the waiting platforms.<\/p>\n<\/div><\/li><li><div class=\"title\"><h3>CAR PARKING<\/h3><\/div><div class=\"content\">\n<p><span style=\"color: #ff5000;\"><strong>JEWE CENTER PARKING<\/strong><\/span><\/p>\n<p>A free car park is located in front of Jewe Centre.<\/p>\n<\/div><\/li><li><div class=\"title\"><h3>BICYCLE PARKING<\/h3><\/div><div class=\"content\">\n<p>A standard bike rack is located in front of the main door of Jewe Centre.<\/p>\n<\/div><\/li><\/ul>\n","protected":false},"excerpt":{"rendered":"<p>Tartu Bus Station Narva Fama Bus Station Rakvere Bus Station J\u00f5hvi Bus Station<\/p>\n","protected":false},"author":13,"featured_media":3382,"parent":0,"menu_order":0,"comment_status":"closed","ping_status":"open","template":"","meta":{"_monsterinsights_skip_tracking":false,"_monsterinsights_sitenote_active":false,"_monsterinsights_sitenote_note":"","_monsterinsights_sitenote_category":0,"footnotes":""},"class_list":["post-371","page","type-page","status-publish","has-post-thumbnail","hentry"],"aioseo_notices":[],"_links":{"self":[{"href":"https:\/\/www.bussijaam.ee\/en\/wp-json\/wp\/v2\/pages\/371","targetHints":{"allow":["GET"]}}],"collection":[{"href":"https:\/\/www.bussijaam.ee\/en\/wp-json\/wp\/v2\/pages"}],"about":[{"href":"https:\/\/www.bussijaam.ee\/en\/wp-json\/wp\/v2\/types\/page"}],"author":[{"embeddable":true,"href":"https:\/\/www.bussijaam.ee\/en\/wp-json\/wp\/v2\/users\/13"}],"replies":[{"embeddable":true,"href":"https:\/\/www.bussijaam.ee\/en\/wp-json\/wp\/v2\/comments?post=371"}],"version-history":[{"count":77,"href":"https:\/\/www.bussijaam.ee\/en\/wp-json\/wp\/v2\/pages\/371\/revisions"}],"predecessor-version":[{"id":8665,"href":"https:\/\/www.bussijaam.ee\/en\/wp-json\/wp\/v2\/pages\/371\/revisions\/8665"}],"wp:featuredmedia":[{"embeddable":true,"href":"https:\/\/www.bussijaam.ee\/en\/wp-json\/wp\/v2\/media\/3382"}],"wp:attachment":[{"href":"https:\/\/www.bussijaam.ee\/en\/wp-json\/wp\/v2\/media?parent=371"}],"curies":[{"name":"wp","href":"https:\/\/api.w.org\/{rel}","templated":true}]}}